{"id":444,"date":"2019-07-10T12:28:32","date_gmt":"2019-07-10T10:28:32","guid":{"rendered":"https:\/\/www.arthotel-bremen.de\/?page_id=444"},"modified":"2021-06-16T13:19:47","modified_gmt":"2021-06-16T11:19:47","slug":"kunstgalerie","status":"publish","type":"page","link":"https:\/\/www.hotelschiff-perle-bremen.de\/en\/kunstgalerie\/","title":{"rendered":"Kunstgalerie"},"content":{"rendered":"<p>In der hauseigenen Kunstgalerie des artHotel Bremens erwartet Sie eine gro\u00dfe Sammlung moderner Werke der Popart. <\/p>\n\n\n\n<p>Im Zentrum steht unser Haus- und Hofk\u00fcnstler Branko. Die Arbeiten des deutsch-kroatischen Malers, Grafikdesigners und Illustrators bestechen durch ihren einzigARTigen, cartoonesken Zeichenstil. Augenzwinkernd entf\u00fchrt Branko den Besucher in seine farbenfrohen Wunderwelten. Auf 3-D Kunst in feinster D\u00e9coupage Technik spezialisiert, ist er bei Kunstsammlern weltweit beliebt. Neben Brankos klein- und mittelformatigen Werken in gr\u00f6\u00dferer Auflagenzahl verf\u00fcgt die Galerie auch \u00fcber einige \u00fcberdimensionale serielle Unikate.<\/p>\n\n\n\n<p>Eine weitere, wichtige K\u00fcnstlerin der Kunstgalerie ist Mirella Bitetti. Die Italienerin hat sich auf gro\u00dfformatige Leinwandgem\u00e4lde in klassischer \u00d6ltechnik spezialisiert. Ein Thema, drei Farben: die Frau in schwarz, wei\u00df, rot. Erg\u00e4nzt um Blattgoldelemente wie in der Reihe &#8222;Schmetterlinge&#8220; reduziert Bitetti ihre gestalterischen Elemente auf ein Minimum und erreicht damit maximale Wirkung! Zu ihren Sammlern z\u00e4hlt der Regisseur Francis Ford Copolla. <\/p>\n\n\n\n<p>Die in der Galerie artbeat24 ausgestellte Kunst k\u00f6nnen Sie im Haus bewundern und erwerben. Wir stehen Ihnen gerne fachlich beratend zur Seite! Gerne auch online unter www.arthb.de<\/p>\n\n\n<p><!--EndFragment--><\/p>","protected":false},"excerpt":{"rendered":"<p>In der hauseigenen Kunstgalerie des artHotel Bremens erwartet Sie eine gro\u00dfe Sammlung moderner Werke der Popart. Im Zentrum steht unser Haus- und Hofk\u00fcnstler Branko. Die Arbeiten des deutsch-kroatischen Malers, Grafikdesigners &#8230; <\/p>\n<div class=\"text-center\"><a class=\"more-link\" href=\"https:\/\/www.hotelschiff-perle-bremen.de\/en\/kunstgalerie\/\">Mehr erfahren <i class=\"fa fa-angle-double-right\"><\/i><\/a><\/div>","protected":false},"author":1,"featured_media":0,"parent":0,"menu_order":0,"comment_status":"closed","ping_status":"closed","template":"","meta":[],"_links":{"self":[{"href":"https:\/\/www.hotelschiff-perle-bremen.de\/en\/wp-json\/wp\/v2\/pages\/444"}],"collection":[{"href":"https:\/\/www.hotelschiff-perle-bremen.de\/en\/wp-json\/wp\/v2\/pages"}],"about":[{"href":"https:\/\/www.hotelschiff-perle-bremen.de\/en\/wp-json\/wp\/v2\/types\/page"}],"author":[{"embeddable":true,"href":"https:\/\/www.hotelschiff-perle-bremen.de\/en\/wp-json\/wp\/v2\/users\/1"}],"replies":[{"embeddable":true,"href":"https:\/\/www.hotelschiff-perle-bremen.de\/en\/wp-json\/wp\/v2\/comments?post=444"}],"version-history":[{"count":2,"href":"https:\/\/www.hotelschiff-perle-bremen.de\/en\/wp-json\/wp\/v2\/pages\/444\/revisions"}],"predecessor-version":[{"id":640,"href":"https:\/\/www.hotelschiff-perle-bremen.de\/en\/wp-json\/wp\/v2\/pages\/444\/revisions\/640"}],"wp:attachment":[{"href":"https:\/\/www.hotelschiff-perle-bremen.de\/en\/wp-json\/wp\/v2\/media?parent=444"}],"curies":[{"name":"wp","href":"https:\/\/api.w.org\/{rel}","templated":true}]}}